{"id":3164,"date":"2025-03-15T23:28:46","date_gmt":"2025-03-15T23:28:46","guid":{"rendered":"https:\/\/scandinart.com\/?page_id=3164"},"modified":"2026-04-13T19:15:43","modified_gmt":"2026-04-13T19:15:43","slug":"home-duplicate-9","status":"publish","type":"page","link":"https:\/\/scandinart.com\/index.php\/home-duplicate-9\/","title":{"rendered":"Contactos"},"content":{"rendered":"\n\n<div class=\"kk-star-ratings kksr-auto kksr-align-right kksr-valign-top\"\n    data-payload='{&quot;align&quot;:&quot;right&quot;,&quot;id&quot;:&quot;3164&quot;,&quot;slug&quot;:&quot;default&quot;,&quot;valign&quot;:&quot;top&quot;,&quot;ignore&quot;:&quot;&quot;,&quot;reference&quot;:&quot;auto&quot;,&quot;class&quot;:&quot;&quot;,&quot;count&quot;:&quot;0&quot;,&quot;legendonly&quot;:&quot;&quot;,&quot;readonly&quot;:&quot;&quot;,&quot;score&quot;:&quot;0&quot;,&quot;starsonly&quot;:&quot;&quot;,&quot;best&quot;:&quot;5&quot;,&quot;gap&quot;:&quot;5&quot;,&quot;greet&quot;:&quot;Rate this page&quot;,&quot;legend&quot;:&quot;0\\\/5 - (0 votes)&quot;,&quot;size&quot;:&quot;18&quot;,&quot;title&quot;:&quot;Contactos&quot;,&quot;width&quot;:&quot;0&quot;,&quot;_legend&quot;:&quot;{score}\\\/{best} - ({count} {votes})&quot;,&quot;font_factor&quot;:&quot;1.25&quot;}'>\n            \n<div class=\"kksr-stars\">\n    \n<div class=\"kksr-stars-inactive\">\n            <div class=\"kksr-star\" data-star=\"1\" style=\"padding-right: 5px\">\n            \n\n<div class=\"kksr-icon\" style=\"width: 18px; height: 18px;\"><\/div>\n        <\/div>\n            <div class=\"kksr-star\" data-star=\"2\" style=\"padding-right: 5px\">\n            \n\n<div class=\"kksr-icon\" style=\"width: 18px; height: 18px;\"><\/div>\n        <\/div>\n            <div class=\"kksr-star\" data-star=\"3\" style=\"padding-right: 5px\">\n            \n\n<div class=\"kksr-icon\" style=\"width: 18px; height: 18px;\"><\/div>\n        <\/div>\n            <div class=\"kksr-star\" data-star=\"4\" style=\"padding-right: 5px\">\n            \n\n<div class=\"kksr-icon\" style=\"width: 18px; height: 18px;\"><\/div>\n        <\/div>\n            <div class=\"kksr-star\" data-star=\"5\" style=\"padding-right: 5px\">\n            \n\n<div class=\"kksr-icon\" style=\"width: 18px; height: 18px;\"><\/div>\n        <\/div>\n    <\/div>\n    \n<div class=\"kksr-stars-active\" style=\"width: 0px;\">\n            <div class=\"kksr-star\" style=\"padding-right: 5px\">\n            \n\n<div class=\"kksr-icon\" style=\"width: 18px; height: 18px;\"><\/div>\n        <\/div>\n            <div class=\"kksr-star\" style=\"padding-right: 5px\">\n            \n\n<div class=\"kksr-icon\" style=\"width: 18px; height: 18px;\"><\/div>\n        <\/div>\n            <div class=\"kksr-star\" style=\"padding-right: 5px\">\n            \n\n<div class=\"kksr-icon\" style=\"width: 18px; height: 18px;\"><\/div>\n        <\/div>\n            <div class=\"kksr-star\" style=\"padding-right: 5px\">\n            \n\n<div class=\"kksr-icon\" style=\"width: 18px; height: 18px;\"><\/div>\n        <\/div>\n            <div class=\"kksr-star\" style=\"padding-right: 5px\">\n            \n\n<div class=\"kksr-icon\" style=\"width: 18px; height: 18px;\"><\/div>\n        <\/div>\n    <\/div>\n<\/div>\n                \n\n<div class=\"kksr-legend\" style=\"font-size: 14.4px;\">\n            <span class=\"kksr-muted\">Rate this page<\/span>\n    <\/div>\n    <\/div>\n\t\t<div data-elementor-type=\"wp-page\" data-elementor-id=\"3164\" class=\"elementor elementor-3164\">\n\t\t\t\t\t\t<section class=\"elementor-section elementor-top-section elementor-element elementor-element-55c0099 elementor-section-boxed elementor-section-height-default elementor-section-height-default wpr-particle-no wpr-jarallax-no wpr-parallax-no wpr-sticky-section-no elementor-invisible\" data-id=\"55c0099\" data-element_type=\"section\" data-settings=\"{&quot;animation&quot;:&quot;fadeIn&quot;}\">\n\t\t\t\t\t\t\t<div class=\"elementor-background-overlay\"><\/div>\n\t\t\t\t\t\t\t<div class=\"elementor-container elementor-column-gap-default\">\n\t\t\t\t\t<div class=\"elementor-column elementor-col-50 elementor-top-column elementor-element elementor-element-aabd327\" data-id=\"aabd327\" data-element_type=\"column\">\n\t\t\t<div class=\"elementor-widget-wrap elementor-element-populated\">\n\t\t\t\t\t\t<div class=\"elementor-element elementor-element-f814f97 elementor-invisible elementor-widget elementor-widget-heading\" data-id=\"f814f97\" data-element_type=\"widget\" data-settings=\"{&quot;_animation&quot;:&quot;slideInLeft&quot;}\" data-widget_type=\"heading.default\">\n\t\t\t\t<div class=\"elementor-widget-container\">\n\t\t\t\t\t<h2 class=\"elementor-heading-title elementor-size-default\">Entre em<\/h2>\t\t\t\t<\/div>\n\t\t\t\t<\/div>\n\t\t\t\t<div class=\"elementor-element elementor-element-30c0b12 elementor-invisible elementor-widget elementor-widget-heading\" data-id=\"30c0b12\" data-element_type=\"widget\" data-settings=\"{&quot;_animation&quot;:&quot;slideInLeft&quot;,&quot;_animation_delay&quot;:100}\" data-widget_type=\"heading.default\">\n\t\t\t\t<div class=\"elementor-widget-container\">\n\t\t\t\t\t<h2 class=\"elementor-heading-title elementor-size-default\">Contacto<\/h2>\t\t\t\t<\/div>\n\t\t\t\t<\/div>\n\t\t\t\t<div class=\"elementor-element elementor-element-259ed60 elementor-widget elementor-widget-shortcode\" data-id=\"259ed60\" data-element_type=\"widget\" data-widget_type=\"shortcode.default\">\n\t\t\t\t<div class=\"elementor-widget-container\">\n\t\t\t\t\t\t\t<div class=\"elementor-shortcode\"><div class=\"forminator-ui forminator-custom-form forminator-custom-form-2734 forminator-design--flat  forminator_ajax\" data-forminator-render=\"0\" data-form=\"forminator-module-2734\" data-uid=\"69de219acad7c\"><br\/><\/div><form\n\t\t\t\tid=\"forminator-module-2734\"\n\t\t\t\tclass=\"forminator-ui forminator-custom-form forminator-custom-form-2734 forminator-design--flat  forminator_ajax\"\n\t\t\t\tmethod=\"post\"\n\t\t\t\tdata-forminator-render=\"0\"\n\t\t\t\tdata-form-id=\"2734\"\n\t\t\t\t\n\t\t\t\tdata-design=\"flat\"\n\t\t\t\t\n\t\t\t\t\n\t\t\t\t\n\t\t\t\tdata-grid=\"open\"\n\t\t\t\t\n\t\t\t\t\n\t\t\t\tstyle=\"display: none;\"\n\t\t\t\t\n\t\t\t\tdata-uid=\"69de219acad7c\"\n\t\t\t><div role=\"alert\" aria-live=\"polite\" class=\"forminator-response-message forminator-error\" aria-hidden=\"true\"><\/div><div class=\"forminator-row\"><div id=\"name-1\" class=\"forminator-field-name forminator-col forminator-col-12 \"><div class=\"forminator-field\"><label for=\"forminator-field-name-1_69de219acad7c\" id=\"forminator-field-name-1_69de219acad7c-label\" class=\"forminator-label\">Nome <span class=\"forminator-required\">*<\/span><\/label><input type=\"text\" name=\"name-1\" value=\"\" placeholder=\"E.g. John\" id=\"forminator-field-name-1_69de219acad7c\" class=\"forminator-input forminator-name--field\" aria-required=\"true\" \/><\/div><\/div><\/div><div class=\"forminator-row\"><div id=\"email-1\" class=\"forminator-field-email forminator-col forminator-col-12 \"><div class=\"forminator-field\"><label for=\"forminator-field-email-1_69de219acad7c\" id=\"forminator-field-email-1_69de219acad7c-label\" class=\"forminator-label\">Email <span class=\"forminator-required\">*<\/span><\/label><input type=\"email\" name=\"email-1\" value=\"\" placeholder=\"E.g. john@doe.com\" id=\"forminator-field-email-1_69de219acad7c\" class=\"forminator-input forminator-email--field\" data-required=\"true\" aria-required=\"true\" \/><\/div><\/div><\/div><div class=\"forminator-row\"><div id=\"phone-1\" class=\"forminator-field-phone forminator-col forminator-col-12 \"><div class=\"forminator-field\"><label for=\"forminator-field-phone-1_69de219acad7c\" id=\"forminator-field-phone-1_69de219acad7c-label\" class=\"forminator-label\">Telefone<\/label><input type=\"text\" name=\"phone-1\" value=\"\" placeholder=\"E.g. +1 3004005000\" id=\"forminator-field-phone-1_69de219acad7c\" class=\"forminator-input forminator-field--phone\" data-required=\"\" aria-required=\"false\" autocomplete=\"off\" \/><\/div><\/div><\/div><div class=\"forminator-row\"><div id=\"textarea-1\" class=\"forminator-field-textarea forminator-col forminator-col-12 \"><div class=\"forminator-field\"><label for=\"forminator-field-textarea-1_69de219acad7c\" id=\"forminator-field-textarea-1_69de219acad7c-label\" class=\"forminator-label\">Messagem<\/label><textarea name=\"textarea-1\" placeholder=\"Enter your message...\" id=\"forminator-field-textarea-1_69de219acad7c\" class=\"forminator-textarea\" rows=\"6\" style=\"min-height:140px;\" maxlength=\"180\" ><\/textarea><span id=\"forminator-field-textarea-1_69de219acad7c-description\" class=\"forminator-description\"><span data-limit=\"180\" data-type=\"characters\" data-editor=\"\">0 \/ 180<\/span><\/span><\/div><\/div><\/div><input type=\"hidden\" name=\"referer_url\" value=\"\" \/><div class=\"forminator-row forminator-row-last\"><div class=\"forminator-col\"><div class=\"forminator-field\"><button class=\"forminator-button forminator-button-submit\">Enviar<\/button><\/div><\/div><\/div><input type=\"hidden\" id=\"forminator_nonce\" name=\"forminator_nonce\" value=\"0101cbfbbb\" \/><input type=\"hidden\" name=\"_wp_http_referer\" value=\"\/index.php\/wp-json\/wp\/v2\/pages\/3164\" \/><input type=\"hidden\" name=\"form_id\" value=\"2734\"><input type=\"hidden\" name=\"page_id\" value=\"3164\"><input type=\"hidden\" name=\"form_type\" value=\"default\"><input type=\"hidden\" name=\"current_url\" value=\"https:\/\/scandinart.com\/index.php\/home-duplicate-9\/\"><input type=\"hidden\" name=\"render_id\" value=\"0\"><input type=\"hidden\" name=\"action\" value=\"forminator_submit_form_custom-forms\"><\/form><\/div>\n\t\t\t\t\t\t<\/div>\n\t\t\t\t<\/div>\n\t\t\t\t\t<\/div>\n\t\t<\/div>\n\t\t\t\t<div class=\"elementor-column elementor-col-50 elementor-top-column elementor-element elementor-element-70928a0\" data-id=\"70928a0\" data-element_type=\"column\">\n\t\t\t<div class=\"elementor-widget-wrap elementor-element-populated\">\n\t\t\t\t\t\t<div class=\"elementor-element elementor-element-9996860 elementor-widget elementor-widget-shortcode\" data-id=\"9996860\" data-element_type=\"widget\" data-widget_type=\"shortcode.default\">\n\t\t\t\t<div class=\"elementor-widget-container\">\n\t\t\t\t\t\t\t<div class=\"elementor-shortcode\">\n    <style>\n        .contact-wrapper {\n            max-width: 1000px;\n            margin: 60px auto;\n            padding: 20px;\n            font-family: system-ui, -apple-system, Segoe UI, Roboto, Arial;\n        }\n\n        .contact-card {\n            background: #fff;\n            border-radius: 20px;\n            padding: 40px;\n            box-shadow: 0 20px 50px rgba(0,0,0,0.08);\n            border: 1px solid #eef0f3;\n        }\n\n        .contact-title {\n            font-size: 28px;\n            font-weight: 700;\n            color: #0f172a;\n            margin-bottom: 10px;\n        }\n\n        .contact-subtitle {\n            font-size: 18px;\n            color: #475569;\n            margin-bottom: 25px;\n        }\n\n        .contact-description {\n            font-size: 15px;\n            color: #64748b;\n            margin-bottom: 35px;\n            line-height: 1.6;\n        }\n\n        .contact-grid {\n            display: grid;\n            grid-template-columns: repeat(auto-fit, minmax(250px, 1fr));\n            gap: 20px;\n        }\n\n        .contact-item {\n            background: #f8fafc;\n            border-radius: 16px;\n            padding: 20px;\n            border: 1px solid #e2e8f0;\n            transition: all 0.3s ease;\n        }\n\n        .contact-item:hover {\n            transform: translateY(-5px);\n            box-shadow: 0 15px 30px rgba(0,0,0,0.08);\n        }\n\n        .contact-label {\n            font-size: 13px;\n            color: #94a3b8;\n            margin-bottom: 8px;\n            text-transform: uppercase;\n            letter-spacing: 1px;\n        }\n\n        .contact-value {\n            font-size: 16px;\n            font-weight: 600;\n            color: #0f172a;\n            text-decoration: none;\n            display: inline-block;\n        }\n\n        .contact-value:hover {\n            color: #f97316;\n        }\n\n        \/* WhatsApp button *\/\n        .whatsapp-btn {\n            display: inline-block;\n            margin-top: 10px;\n            padding: 10px 14px;\n            border-radius: 10px;\n            background: #25D366;\n            color: #fff;\n            text-decoration: none;\n            font-weight: 600;\n            transition: 0.3s ease;\n        }\n\n        .whatsapp-btn:hover {\n            background: #1ebe5d;\n            transform: scale(1.05);\n        }\n\n        \/* Highlight box *\/\n        .contact-highlight {\n            background: linear-gradient(135deg, #f97316, #fb923c);\n            color: white;\n            padding: 25px;\n            border-radius: 16px;\n            margin-bottom: 25px;\n        }\n\n        .contact-highlight h2 {\n            margin: 0;\n            font-size: 22px;\n        }\n\n        .contact-highlight p {\n            margin: 5px 0 0;\n            opacity: 0.9;\n        }\n    <\/style>\n\n    <div class=\"contact-wrapper\">\n\n        <div class=\"contact-card\">\n\n            <!-- HEADER -->\n            <div class=\"contact-highlight\">\n                <h2>Sinta a Diferen\u00e7a<\/h2>\n                <p>Entre em contacto<\/p>\n            <\/div>\n\n            <div class=\"contact-subtitle\">\n                Para pedidos de informa\u00e7\u00f5es, entre em contacto atrav\u00e9s de email, telefone ou formul\u00e1rio.\n            <\/div>\n\n            <!-- CONTACT INFO -->\n            <div class=\"contact-grid\">\n\n                <!-- EMAIL -->\n                <div class=\"contact-item\">\n                    <div class=\"contact-label\">Email<\/div>\n                    <a class=\"contact-value\" href=\"mailto:anacristina.manso@gmail.com\">\n                        anacristina.manso@gmail.com\n                    <\/a>\n                <\/div>\n\n                <!-- PHONE -->\n                <div class=\"contact-item\">\n                    <div class=\"contact-label\">Telefone<\/div>\n                    <a class=\"contact-value\" href=\"tel:+351913366944\">\n                        (351) 913 366 944\n                    <\/a>\n                <\/div>\n\n                <!-- WHATSAPP -->\n                <div class=\"contact-item\">\n                    <div class=\"contact-label\">WhatsApp<\/div>\n                    <a class=\"whatsapp-btn\" href=\"https:\/\/wa.me\/351913366944\" target=\"_blank\">\n                        Falar no WhatsApp\n                    <\/a>\n                <\/div>\n\n            <\/div>\n\n        <\/div>\n\n    <\/div>\n\n    <\/div>\n\t\t\t\t\t\t<\/div>\n\t\t\t\t<\/div>\n\t\t\t\t\t<\/div>\n\t\t<\/div>\n\t\t\t\t\t<\/div>\n\t\t<\/section>\n\t\t\t\t<\/div>\n\t\t","protected":false},"excerpt":{"rendered":"<p>Entre em Contacto<\/p>\n","protected":false},"author":1,"featured_media":0,"parent":0,"menu_order":0,"comment_status":"closed","ping_status":"closed","template":"elementor_canvas","meta":{"footnotes":""},"class_list":["post-3164","page","type-page","status-publish","hentry"],"_links":{"self":[{"href":"https:\/\/scandinart.com\/index.php\/wp-json\/wp\/v2\/pages\/3164","targetHints":{"allow":["GET"]}}],"collection":[{"href":"https:\/\/scandinart.com\/index.php\/wp-json\/wp\/v2\/pages"}],"about":[{"href":"https:\/\/scandinart.com\/index.php\/wp-json\/wp\/v2\/types\/page"}],"author":[{"embeddable":true,"href":"https:\/\/scandinart.com\/index.php\/wp-json\/wp\/v2\/users\/1"}],"replies":[{"embeddable":true,"href":"https:\/\/scandinart.com\/index.php\/wp-json\/wp\/v2\/comments?post=3164"}],"version-history":[{"count":46,"href":"https:\/\/scandinart.com\/index.php\/wp-json\/wp\/v2\/pages\/3164\/revisions"}],"predecessor-version":[{"id":4577,"href":"https:\/\/scandinart.com\/index.php\/wp-json\/wp\/v2\/pages\/3164\/revisions\/4577"}],"wp:attachment":[{"href":"https:\/\/scandinart.com\/index.php\/wp-json\/wp\/v2\/media?parent=3164"}],"curies":[{"name":"wp","href":"https:\/\/api.w.org\/{rel}","templated":true}]}}